{"id":1211,"date":"2019-12-16T21:22:12","date_gmt":"2019-12-16T21:22:12","guid":{"rendered":"http:\/\/localhost\/wordpress\/?page_id=1211"},"modified":"2021-11-22T17:04:58","modified_gmt":"2021-11-22T17:04:58","slug":"icp-servicos","status":"publish","type":"page","link":"https:\/\/professoracarlapatricia.com.br\/icp\/icp-servicos\/","title":{"rendered":"ICP-Servi\u00e7os"},"content":{"rendered":"\t\t<div data-elementor-type=\"wp-page\" data-elementor-id=\"1211\" class=\"elementor elementor-1211\" data-elementor-post-type=\"page\">\n\t\t\t\t\t\t<section class=\"elementor-section elementor-top-section elementor-element elementor-element-48624957 elementor-section-boxed elementor-section-height-default elementor-section-height-default e-parent\" data-id=\"48624957\" data-element_type=\"section\">\n\t\t\t\t\t\t<div class=\"elementor-container elementor-column-gap-default\">\n\t\t\t\t\t<div class=\"elementor-column elementor-col-100 elementor-top-column elementor-element elementor-element-ef4b91c lakit-col-width-auto-no\" data-id=\"ef4b91c\" data-element_type=\"column\">\n\t\t\t<div class=\"elementor-widget-wrap elementor-element-populated\">\n\t\t\t\t\t\t<div class=\"elementor-element elementor-element-12e03a60 elementor-widget elementor-widget-spacer\" data-id=\"12e03a60\" data-element_type=\"widget\" data-widget_type=\"spacer.default\">\n\t\t\t\t<div class=\"elementor-widget-container\">\n\t\t\t\t\t\t\t<div class=\"elementor-spacer\">\n\t\t\t<div class=\"elementor-spacer-inner\"><\/div>\n\t\t<\/div>\n\t\t\t\t\t\t<\/div>\n\t\t\t\t<\/div>\n\t\t\t\t\t<\/div>\n\t\t<\/div>\n\t\t\t\t\t<\/div>\n\t\t<\/section>\n\t\t\t\t<section class=\"elementor-section elementor-top-section elementor-element elementor-element-7ca1812a elementor-section-boxed elementor-section-height-default elementor-section-height-default e-parent\" data-id=\"7ca1812a\" data-element_type=\"section\" data-settings=\"{&quot;background_background&quot;:&quot;classic&quot;}\">\n\t\t\t\t\t\t<div class=\"elementor-container elementor-column-gap-default\">\n\t\t\t\t\t<div class=\"elementor-column elementor-col-25 elementor-top-column elementor-element elementor-element-169b2c5 lakit-col-width-auto-no\" data-id=\"169b2c5\" data-element_type=\"column\">\n\t\t\t<div class=\"elementor-widget-wrap elementor-element-populated\">\n\t\t\t\t\t\t<div class=\"elementor-element elementor-element-4d0dbb1 elementor-widget elementor-widget-image\" data-id=\"4d0dbb1\" data-element_type=\"widget\" data-widget_type=\"image.default\">\n\t\t\t\t<div class=\"elementor-widget-container\">\n\t\t\t\t\t\t\t\t\t\t\t\t\t\t\t\t<a href=\"https:\/\/professoracarlapatricia.com.br\/icp\/\">\n\t\t\t\t\t\t\t<img decoding=\"async\" src=\"https:\/\/professoracarlapatricia.com.br\/icp\/wp-content\/uploads\/elementor\/thumbs\/logo_icp-ok9747if5q2f67dad34huu9apd9xq5lidj4h3dmoec.png\" title=\"ICP\" alt=\"ICP\" class=\"elementor-animation-grow\" loading=\"lazy\" \/>\t\t\t\t\t\t\t\t<\/a>\n\t\t\t\t\t\t\t\t\t\t\t\t\t\t\t<\/div>\n\t\t\t\t<\/div>\n\t\t\t\t\t<\/div>\n\t\t<\/div>\n\t\t\t\t<div class=\"elementor-column elementor-col-50 elementor-top-column elementor-element elementor-element-75bf2951 lakit-col-width-auto-no\" data-id=\"75bf2951\" data-element_type=\"column\">\n\t\t\t<div class=\"elementor-widget-wrap elementor-element-populated\">\n\t\t\t\t\t\t<div class=\"elementor-element elementor-element-642cc2a8 elementor-widget elementor-widget-theme-site-title elementor-widget-heading\" data-id=\"642cc2a8\" data-element_type=\"widget\" data-widget_type=\"theme-site-title.default\">\n\t\t\t\t<div class=\"elementor-widget-container\">\n\t\t\t\t\t<h3 class=\"elementor-heading-title elementor-size-default\"><a href=\"https:\/\/professoracarlapatricia.com.br\/icp\">Instituto Professora Carla Patr\u00edcia<\/a><\/h3>\t\t\t\t<\/div>\n\t\t\t\t<\/div>\n\t\t\t\t\t<\/div>\n\t\t<\/div>\n\t\t\t\t<div class=\"elementor-column elementor-col-25 elementor-top-column elementor-element elementor-element-4c39620f lakit-col-width-auto-no\" data-id=\"4c39620f\" data-element_type=\"column\">\n\t\t\t<div class=\"elementor-widget-wrap elementor-element-populated\">\n\t\t\t\t\t\t<div class=\"elementor-element elementor-element-20567b26 elementor-nav-menu__text-align-aside elementor-nav-menu--toggle elementor-nav-menu--burger elementor-widget elementor-widget-nav-menu\" data-id=\"20567b26\" data-element_type=\"widget\" data-settings=\"{&quot;layout&quot;:&quot;dropdown&quot;,&quot;submenu_icon&quot;:{&quot;value&quot;:&quot;&lt;i class=\\&quot;fas fa-caret-down\\&quot; aria-hidden=\\&quot;true\\&quot;&gt;&lt;\\\/i&gt;&quot;,&quot;library&quot;:&quot;fa-solid&quot;},&quot;toggle&quot;:&quot;burger&quot;}\" data-widget_type=\"nav-menu.default\">\n\t\t\t\t<div class=\"elementor-widget-container\">\n\t\t\t\t\t\t\t<div class=\"elementor-menu-toggle\" role=\"button\" tabindex=\"0\" aria-label=\"Menu Toggle\" aria-expanded=\"false\">\n\t\t\t<i aria-hidden=\"true\" role=\"presentation\" class=\"elementor-menu-toggle__icon--open eicon-menu-bar\"><\/i><i aria-hidden=\"true\" role=\"presentation\" class=\"elementor-menu-toggle__icon--close eicon-close\"><\/i>\t\t<\/div>\n\t\t\t\t\t<nav class=\"elementor-nav-menu--dropdown elementor-nav-menu__container\" aria-hidden=\"true\">\n\t\t\t\t<ul id=\"menu-2-20567b26\" class=\"elementor-nav-menu\"><li class=\"menu-item menu-item-type-post_type menu-item-object-page menu-item-home menu-item-102\"><a href=\"https:\/\/professoracarlapatricia.com.br\/icp\/\" class=\"elementor-item\" tabindex=\"-1\">P\u00e1gina Principal<\/a><\/li>\n<li class=\"menu-item menu-item-type-post_type menu-item-object-page menu-item-1291\"><a href=\"https:\/\/professoracarlapatricia.com.br\/icp\/icp-servicos\/\" class=\"elementor-item\" tabindex=\"-1\">Servi\u00e7os<\/a><\/li>\n<li class=\"menu-item menu-item-type-post_type menu-item-object-page menu-item-1290\"><a href=\"https:\/\/professoracarlapatricia.com.br\/icp\/icp-equipe\/\" class=\"elementor-item\" tabindex=\"-1\">Equipe<\/a><\/li>\n<li class=\"menu-item menu-item-type-post_type menu-item-object-page menu-item-1289\"><a href=\"https:\/\/professoracarlapatricia.com.br\/icp\/icp-blog\/\" class=\"elementor-item\" tabindex=\"-1\">Blog<\/a><\/li>\n<li class=\"menu-item menu-item-type-post_type menu-item-object-page menu-item-1580\"><a href=\"https:\/\/professoracarlapatricia.com.br\/icp\/icp-depoimentos\/\" class=\"elementor-item\" tabindex=\"-1\">Depoimentos<\/a><\/li>\n<li class=\"menu-item menu-item-type-post_type menu-item-object-page menu-item-1468\"><a href=\"https:\/\/professoracarlapatricia.com.br\/icp\/icp-form-contato\/\" class=\"elementor-item\" tabindex=\"-1\">Contato<\/a><\/li>\n<\/ul>\t\t\t<\/nav>\n\t\t\t\t\t\t<\/div>\n\t\t\t\t<\/div>\n\t\t\t\t\t<\/div>\n\t\t<\/div>\n\t\t\t\t\t<\/div>\n\t\t<\/section>\n\t\t\t\t<section class=\"elementor-section elementor-top-section elementor-element elementor-element-733f7018 elementor-section-boxed elementor-section-height-default elementor-section-height-default e-parent\" data-id=\"733f7018\" data-element_type=\"section\">\n\t\t\t\t\t\t<div class=\"elementor-container elementor-column-gap-default\">\n\t\t\t\t\t<div class=\"elementor-column elementor-col-100 elementor-top-column elementor-element elementor-element-d417ba8 lakit-col-width-auto-no\" data-id=\"d417ba8\" data-element_type=\"column\">\n\t\t\t<div class=\"elementor-widget-wrap elementor-element-populated\">\n\t\t\t\t\t\t<div class=\"elementor-element elementor-element-1afd0054 elementor-widget elementor-widget-spacer\" data-id=\"1afd0054\" data-element_type=\"widget\" data-widget_type=\"spacer.default\">\n\t\t\t\t<div class=\"elementor-widget-container\">\n\t\t\t\t\t\t\t<div class=\"elementor-spacer\">\n\t\t\t<div class=\"elementor-spacer-inner\"><\/div>\n\t\t<\/div>\n\t\t\t\t\t\t<\/div>\n\t\t\t\t<\/div>\n\t\t\t\t<div class=\"elementor-element elementor-element-3c1e8dee elementor-widget-divider--view-line elementor-widget elementor-widget-divider\" data-id=\"3c1e8dee\" data-element_type=\"widget\" data-widget_type=\"divider.default\">\n\t\t\t\t<div class=\"elementor-widget-container\">\n\t\t\t\t\t\t\t<div class=\"elementor-divider\">\n\t\t\t<span class=\"elementor-divider-separator\">\n\t\t\t\t\t\t<\/span>\n\t\t<\/div>\n\t\t\t\t\t\t<\/div>\n\t\t\t\t<\/div>\n\t\t\t\t<div class=\"elementor-element elementor-element-76cef21 elementor-widget elementor-widget-heading\" data-id=\"76cef21\" data-element_type=\"widget\" data-widget_type=\"heading.default\">\n\t\t\t\t<div class=\"elementor-widget-container\">\n\t\t\t\t\t<h3 class=\"elementor-heading-title elementor-size-default\">Servi\u00e7os<\/h3>\t\t\t\t<\/div>\n\t\t\t\t<\/div>\n\t\t\t\t\t<\/div>\n\t\t<\/div>\n\t\t\t\t\t<\/div>\n\t\t<\/section>\n\t\t\t\t<section class=\"elementor-section elementor-top-section elementor-element elementor-element-53a5b33f elementor-section-boxed elementor-section-height-default elementor-section-height-default e-parent\" data-id=\"53a5b33f\" data-element_type=\"section\">\n\t\t\t\t\t\t<div class=\"elementor-container elementor-column-gap-default\">\n\t\t\t\t\t<div class=\"elementor-column elementor-col-100 elementor-top-column elementor-element elementor-element-59c05e81 lakit-col-width-auto-no\" data-id=\"59c05e81\" data-element_type=\"column\">\n\t\t\t<div class=\"elementor-widget-wrap elementor-element-populated\">\n\t\t\t\t\t\t<div class=\"elementor-element elementor-element-6ad47694 elementor-widget elementor-widget-spacer\" data-id=\"6ad47694\" data-element_type=\"widget\" data-widget_type=\"spacer.default\">\n\t\t\t\t<div class=\"elementor-widget-container\">\n\t\t\t\t\t\t\t<div class=\"elementor-spacer\">\n\t\t\t<div class=\"elementor-spacer-inner\"><\/div>\n\t\t<\/div>\n\t\t\t\t\t\t<\/div>\n\t\t\t\t<\/div>\n\t\t\t\t\t<\/div>\n\t\t<\/div>\n\t\t\t\t\t<\/div>\n\t\t<\/section>\n\t\t\t\t<section class=\"elementor-section elementor-top-section elementor-element elementor-element-5d7d7a4 elementor-section-boxed elementor-section-height-default elementor-section-height-default e-parent\" data-id=\"5d7d7a4\" data-element_type=\"section\">\n\t\t\t\t\t\t<div class=\"elementor-container elementor-column-gap-default\">\n\t\t\t\t\t<div class=\"elementor-column elementor-col-100 elementor-top-column elementor-element elementor-element-43a277e lakit-col-width-auto-no\" data-id=\"43a277e\" data-element_type=\"column\">\n\t\t\t<div class=\"elementor-widget-wrap elementor-element-populated\">\n\t\t\t\t\t\t<div class=\"elementor-element elementor-element-3fd70e4 elementor-posts--thumbnail-none elementor-grid-3 elementor-grid-tablet-2 elementor-grid-mobile-1 elementor-card-shadow-yes elementor-posts__hover-gradient elementor-widget elementor-widget-posts\" data-id=\"3fd70e4\" data-element_type=\"widget\" data-settings=\"{&quot;pagination_type&quot;:&quot;numbers&quot;,&quot;cards_columns&quot;:&quot;3&quot;,&quot;cards_columns_tablet&quot;:&quot;2&quot;,&quot;cards_columns_mobile&quot;:&quot;1&quot;,&quot;cards_row_gap&quot;:{&quot;unit&quot;:&quot;px&quot;,&quot;size&quot;:35,&quot;sizes&quot;:[]},&quot;cards_row_gap_tablet&quot;:{&quot;unit&quot;:&quot;px&quot;,&quot;size&quot;:&quot;&quot;,&quot;sizes&quot;:[]},&quot;cards_row_gap_mobile&quot;:{&quot;unit&quot;:&quot;px&quot;,&quot;size&quot;:&quot;&quot;,&quot;sizes&quot;:[]}}\" data-widget_type=\"posts.cards\">\n\t\t\t\t<div class=\"elementor-widget-container\">\n\t\t\t\t\t\t\t<div class=\"elementor-posts-container elementor-posts elementor-posts--skin-cards elementor-grid\" role=\"list\">\n\t\t\t\t<article class=\"elementor-post elementor-grid-item post-2576 post type-post status-publish format-standard hentry category-servico entry\" role=\"listitem\">\n\t\t\t<div class=\"elementor-post__card\">\n\t\t\t\t<div class=\"elementor-post__text\">\n\t\t\t\t<h3 class=\"elementor-post__title\">\n\t\t\t<a href=\"https:\/\/professoracarlapatricia.com.br\/icp\/2023\/12\/05\/cursos-especificos-fim-de-um-ciclo-na-historia-do-icp\/\" >\n\t\t\t\tCursos Espec\u00edficos &#8211; Fim de um ciclo na hist\u00f3ria do ICP\t\t\t<\/a>\n\t\t<\/h3>\n\t\t\n\t\t<a class=\"elementor-post__read-more\" href=\"https:\/\/professoracarlapatricia.com.br\/icp\/2023\/12\/05\/cursos-especificos-fim-de-um-ciclo-na-historia-do-icp\/\" aria-label=\"Read more about Cursos Espec\u00edficos &#8211; Fim de um ciclo na hist\u00f3ria do ICP\" tabindex=\"-1\" >\n\t\t\tSaiba mais...\t\t<\/a>\n\n\t\t\t\t<\/div>\n\t\t\t\t\t<\/div>\n\t\t<\/article>\n\t\t\t\t<article class=\"elementor-post elementor-grid-item post-1649 post type-post status-publish format-standard hentry category-servico entry\" role=\"listitem\">\n\t\t\t<div class=\"elementor-post__card\">\n\t\t\t\t<div class=\"elementor-post__text\">\n\t\t\t\t<h3 class=\"elementor-post__title\">\n\t\t\t<a href=\"https:\/\/professoracarlapatricia.com.br\/icp\/2020\/04\/01\/mentoria-defensoria-publica\/\" >\n\t\t\t\tMENTORIA DEFENSORIA P\u00daBLICA\t\t\t<\/a>\n\t\t<\/h3>\n\t\t\n\t\t<a class=\"elementor-post__read-more\" href=\"https:\/\/professoracarlapatricia.com.br\/icp\/2020\/04\/01\/mentoria-defensoria-publica\/\" aria-label=\"Read more about MENTORIA DEFENSORIA P\u00daBLICA\" tabindex=\"-1\" >\n\t\t\tSaiba mais...\t\t<\/a>\n\n\t\t\t\t<\/div>\n\t\t\t\t\t<\/div>\n\t\t<\/article>\n\t\t\t\t<article class=\"elementor-post elementor-grid-item post-1219 post type-post status-publish format-standard hentry category-servico entry\" role=\"listitem\">\n\t\t\t<div class=\"elementor-post__card\">\n\t\t\t\t<div class=\"elementor-post__text\">\n\t\t\t\t<h3 class=\"elementor-post__title\">\n\t\t\t<a href=\"https:\/\/professoracarlapatricia.com.br\/icp\/2019\/12\/16\/mentoria-magistratura-estadual\/\" >\n\t\t\t\tMENTORIA MAGISTRATURA ESTADUAL\t\t\t<\/a>\n\t\t<\/h3>\n\t\t\n\t\t<a class=\"elementor-post__read-more\" href=\"https:\/\/professoracarlapatricia.com.br\/icp\/2019\/12\/16\/mentoria-magistratura-estadual\/\" aria-label=\"Read more about MENTORIA MAGISTRATURA ESTADUAL\" tabindex=\"-1\" >\n\t\t\tSaiba mais...\t\t<\/a>\n\n\t\t\t\t<\/div>\n\t\t\t\t\t<\/div>\n\t\t<\/article>\n\t\t\t\t<article class=\"elementor-post elementor-grid-item post-2339 post type-post status-publish format-standard hentry category-servico entry\" role=\"listitem\">\n\t\t\t<div class=\"elementor-post__card\">\n\t\t\t\t<div class=\"elementor-post__text\">\n\t\t\t\t<h3 class=\"elementor-post__title\">\n\t\t\t<a href=\"https:\/\/professoracarlapatricia.com.br\/icp\/2022\/08\/24\/orientacao-e-acopanhamento-de-estudos-mp-promotor\/\" >\n\t\t\t\tMENTORIA MINIST\u00c9RIO P\u00daBLICO (Promotor)\t\t\t<\/a>\n\t\t<\/h3>\n\t\t\n\t\t<a class=\"elementor-post__read-more\" href=\"https:\/\/professoracarlapatricia.com.br\/icp\/2022\/08\/24\/orientacao-e-acopanhamento-de-estudos-mp-promotor\/\" aria-label=\"Read more about MENTORIA MINIST\u00c9RIO P\u00daBLICO (Promotor)\" tabindex=\"-1\" >\n\t\t\tSaiba mais...\t\t<\/a>\n\n\t\t\t\t<\/div>\n\t\t\t\t\t<\/div>\n\t\t<\/article>\n\t\t\t\t<article class=\"elementor-post elementor-grid-item post-2226 post type-post status-publish format-standard hentry category-servico entry\" role=\"listitem\">\n\t\t\t<div class=\"elementor-post__card\">\n\t\t\t\t<div class=\"elementor-post__text\">\n\t\t\t\t<h3 class=\"elementor-post__title\">\n\t\t\t<a href=\"https:\/\/professoracarlapatricia.com.br\/icp\/2022\/01\/23\/nova-parceria-psicologia-e-bem-estar-aos-orientandos-ic\/\" >\n\t\t\t\tNOVA PARCERIA: PSICOLOGIA E BEM-ESTAR\u00a0AOS ORIENTANDOS ICP\t\t\t<\/a>\n\t\t<\/h3>\n\t\t\n\t\t<a class=\"elementor-post__read-more\" href=\"https:\/\/professoracarlapatricia.com.br\/icp\/2022\/01\/23\/nova-parceria-psicologia-e-bem-estar-aos-orientandos-ic\/\" aria-label=\"Read more about NOVA PARCERIA: PSICOLOGIA E BEM-ESTAR\u00a0AOS ORIENTANDOS ICP\" tabindex=\"-1\" >\n\t\t\tSaiba mais...\t\t<\/a>\n\n\t\t\t\t<\/div>\n\t\t\t\t\t<\/div>\n\t\t<\/article>\n\t\t\t\t<article class=\"elementor-post elementor-grid-item post-2142 post type-post status-publish format-standard hentry category-servico entry\" role=\"listitem\">\n\t\t\t<div class=\"elementor-post__card\">\n\t\t\t\t<div class=\"elementor-post__text\">\n\t\t\t\t<h3 class=\"elementor-post__title\">\n\t\t\t<a href=\"https:\/\/professoracarlapatricia.com.br\/icp\/2021\/11\/22\/nutricao-e-gestao-parceria\/\" >\n\t\t\t\tNUTRI\u00c7\u00c3O E GEST\u00c3O (PARCERIA)\t\t\t<\/a>\n\t\t<\/h3>\n\t\t\n\t\t<a class=\"elementor-post__read-more\" href=\"https:\/\/professoracarlapatricia.com.br\/icp\/2021\/11\/22\/nutricao-e-gestao-parceria\/\" aria-label=\"Read more about NUTRI\u00c7\u00c3O E GEST\u00c3O (PARCERIA)\" tabindex=\"-1\" >\n\t\t\tSaiba mais...\t\t<\/a>\n\n\t\t\t\t<\/div>\n\t\t\t\t\t<\/div>\n\t\t<\/article>\n\t\t\t\t<\/div>\n\t\t\n\t\t\t\t<div class=\"e-load-more-anchor\" data-page=\"1\" data-max-page=\"2\" data-next-page=\"https:\/\/professoracarlapatricia.com.br\/icp\/wp-json\/wp\/v2\/pages\/1211\/page\/2\/\"><\/div>\n\t\t\t\t<nav class=\"elementor-pagination\" aria-label=\"Pagination\">\n\t\t\t<span aria-current=\"page\" class=\"page-numbers current\"><span class=\"elementor-screen-only\">Page<\/span>1<\/span>\n<a class=\"page-numbers\" href=\"https:\/\/professoracarlapatricia.com.br\/icp\/wp-json\/wp\/v2\/pages\/1211\/page\/2\/\"><span class=\"elementor-screen-only\">Page<\/span>2<\/a>\t\t<\/nav>\n\t\t\t\t\t\t<\/div>\n\t\t\t\t<\/div>\n\t\t\t\t\t<\/div>\n\t\t<\/div>\n\t\t\t\t\t<\/div>\n\t\t<\/section>\n\t\t\t\t<section class=\"elementor-section elementor-top-section elementor-element elementor-element-35d1468 elementor-section-boxed elementor-section-height-default elementor-section-height-default e-parent\" data-id=\"35d1468\" data-element_type=\"section\">\n\t\t\t\t\t\t<div class=\"elementor-container elementor-column-gap-default\">\n\t\t\t\t\t<div class=\"elementor-column elementor-col-100 elementor-top-column elementor-element elementor-element-955a966 lakit-col-width-auto-no\" data-id=\"955a966\" data-element_type=\"column\">\n\t\t\t<div class=\"elementor-widget-wrap elementor-element-populated\">\n\t\t\t\t\t\t<div class=\"elementor-element elementor-element-adc6181 elementor-widget elementor-widget-spacer\" data-id=\"adc6181\" data-element_type=\"widget\" data-widget_type=\"spacer.default\">\n\t\t\t\t<div class=\"elementor-widget-container\">\n\t\t\t\t\t\t\t<div class=\"elementor-spacer\">\n\t\t\t<div class=\"elementor-spacer-inner\"><\/div>\n\t\t<\/div>\n\t\t\t\t\t\t<\/div>\n\t\t\t\t<\/div>\n\t\t\t\t\t<\/div>\n\t\t<\/div>\n\t\t\t\t\t<\/div>\n\t\t<\/section>\n\t\t\t\t<section class=\"elementor-section elementor-top-section elementor-element elementor-element-5d32126 elementor-section-boxed elementor-section-height-default elementor-section-height-default e-parent\" data-id=\"5d32126\" data-element_type=\"section\">\n\t\t\t\t\t\t<div class=\"elementor-container elementor-column-gap-default\">\n\t\t\t\t\t<div class=\"elementor-column elementor-col-66 elementor-top-column elementor-element elementor-element-a6587f3 lakit-col-width-auto-no\" data-id=\"a6587f3\" data-element_type=\"column\">\n\t\t\t<div class=\"elementor-widget-wrap elementor-element-populated\">\n\t\t\t\t\t\t<div class=\"elementor-element elementor-element-abfe09e elementor-position-inline-start elementor-view-default elementor-mobile-position-block-start elementor-widget elementor-widget-icon-box\" data-id=\"abfe09e\" data-element_type=\"widget\" data-widget_type=\"icon-box.default\">\n\t\t\t\t<div class=\"elementor-widget-container\">\n\t\t\t\t\t\t\t<div class=\"elementor-icon-box-wrapper\">\n\n\t\t\t\t\t\t<div class=\"elementor-icon-box-icon\">\n\t\t\t\t<a href=\"http:\/\/icp-form-contato\" target=\"_blank\" class=\"elementor-icon elementor-animation-pulse\" tabindex=\"-1\" aria-label=\"contato@professoracarlapatricia.com.br\u200b\">\n\t\t\t\t<i aria-hidden=\"true\" class=\"far fa-envelope\"><\/i>\t\t\t\t<\/a>\n\t\t\t<\/div>\n\t\t\t\n\t\t\t\t\t\t<div class=\"elementor-icon-box-content\">\n\n\t\t\t\t\t\t\t\t\t<p class=\"elementor-icon-box-title\">\n\t\t\t\t\t\t<a href=\"http:\/\/icp-form-contato\" target=\"_blank\" >\n\t\t\t\t\t\t\tcontato@professoracarlapatricia.com.br\u200b\t\t\t\t\t\t<\/a>\n\t\t\t\t\t<\/p>\n\t\t\t\t\n\t\t\t\t\n\t\t\t<\/div>\n\t\t\t\n\t\t<\/div>\n\t\t\t\t\t\t<\/div>\n\t\t\t\t<\/div>\n\t\t\t\t\t<\/div>\n\t\t<\/div>\n\t\t\t\t<div class=\"elementor-column elementor-col-33 elementor-top-column elementor-element elementor-element-c3d6239 lakit-col-width-auto-no\" data-id=\"c3d6239\" data-element_type=\"column\">\n\t\t\t<div class=\"elementor-widget-wrap elementor-element-populated\">\n\t\t\t\t\t\t<div class=\"elementor-element elementor-element-8b1269c elementor-shape-rounded elementor-grid-0 e-grid-align-center elementor-widget elementor-widget-social-icons\" data-id=\"8b1269c\" data-element_type=\"widget\" data-widget_type=\"social-icons.default\">\n\t\t\t\t<div class=\"elementor-widget-container\">\n\t\t\t\t\t\t\t<div class=\"elementor-social-icons-wrapper elementor-grid\" role=\"list\">\n\t\t\t\t\t\t\t<span class=\"elementor-grid-item\" role=\"listitem\">\n\t\t\t\t\t<a class=\"elementor-icon elementor-social-icon elementor-social-icon-instagram elementor-animation-pulse elementor-repeater-item-df0a02e\" href=\"https:\/\/www.instagram.com\/institutoprofcarlapatricia\/\" target=\"_blank\">\n\t\t\t\t\t\t<span class=\"elementor-screen-only\">Instagram<\/span>\n\t\t\t\t\t\t<i aria-hidden=\"true\" class=\"fab fa-instagram\"><\/i>\t\t\t\t\t<\/a>\n\t\t\t\t<\/span>\n\t\t\t\t\t\t\t<span class=\"elementor-grid-item\" role=\"listitem\">\n\t\t\t\t\t<a class=\"elementor-icon elementor-social-icon elementor-social-icon-facebook elementor-animation-pulse elementor-repeater-item-ef6b58d\" href=\"https:\/\/www.facebook.com\/Instituto-Professora-Carla-Patr%C3%ADcia-103659755317683\" target=\"_blank\">\n\t\t\t\t\t\t<span class=\"elementor-screen-only\">Facebook<\/span>\n\t\t\t\t\t\t<i aria-hidden=\"true\" class=\"fab fa-facebook\"><\/i>\t\t\t\t\t<\/a>\n\t\t\t\t<\/span>\n\t\t\t\t\t<\/div>\n\t\t\t\t\t\t<\/div>\n\t\t\t\t<\/div>\n\t\t\t\t\t<\/div>\n\t\t<\/div>\n\t\t\t\t\t<\/div>\n\t\t<\/section>\n\t\t\t\t<section class=\"elementor-section elementor-top-section elementor-element elementor-element-bf9a7af elementor-section-boxed elementor-section-height-default elementor-section-height-default e-parent\" data-id=\"bf9a7af\" data-element_type=\"section\" data-settings=\"{&quot;background_background&quot;:&quot;classic&quot;}\">\n\t\t\t\t\t\t<div class=\"elementor-container elementor-column-gap-default\">\n\t\t\t\t\t<div class=\"elementor-column elementor-col-100 elementor-top-column elementor-element elementor-element-c469714 lakit-col-width-auto-no\" data-id=\"c469714\" data-element_type=\"column\">\n\t\t\t<div class=\"elementor-widget-wrap elementor-element-populated\">\n\t\t\t\t\t\t<div class=\"elementor-element elementor-element-2b6b2e2 elementor-widget elementor-widget-spacer\" data-id=\"2b6b2e2\" data-element_type=\"widget\" data-widget_type=\"spacer.default\">\n\t\t\t\t<div class=\"elementor-widget-container\">\n\t\t\t\t\t\t\t<div class=\"elementor-spacer\">\n\t\t\t<div class=\"elementor-spacer-inner\"><\/div>\n\t\t<\/div>\n\t\t\t\t\t\t<\/div>\n\t\t\t\t<\/div>\n\t\t\t\t\t<\/div>\n\t\t<\/div>\n\t\t\t\t\t<\/div>\n\t\t<\/section>\n\t\t\t\t<\/div>\n\t\t","protected":false},"excerpt":{"rendered":"<p>Servi\u00e7os contato@professoracarlapatricia.com.br\u200b Instagram Facebook<\/p>\n","protected":false},"author":1,"featured_media":0,"parent":0,"menu_order":0,"comment_status":"closed","ping_status":"closed","template":"elementor_canvas","meta":{"footnotes":""},"class_list":["post-1211","page","type-page","status-publish","hentry","entry"],"_links":{"self":[{"href":"https:\/\/professoracarlapatricia.com.br\/icp\/wp-json\/wp\/v2\/pages\/1211","targetHints":{"allow":["GET"]}}],"collection":[{"href":"https:\/\/professoracarlapatricia.com.br\/icp\/wp-json\/wp\/v2\/pages"}],"about":[{"href":"https:\/\/professoracarlapatricia.com.br\/icp\/wp-json\/wp\/v2\/types\/page"}],"author":[{"embeddable":true,"href":"https:\/\/professoracarlapatricia.com.br\/icp\/wp-json\/wp\/v2\/users\/1"}],"replies":[{"embeddable":true,"href":"https:\/\/professoracarlapatricia.com.br\/icp\/wp-json\/wp\/v2\/comments?post=1211"}],"version-history":[{"count":19,"href":"https:\/\/professoracarlapatricia.com.br\/icp\/wp-json\/wp\/v2\/pages\/1211\/revisions"}],"predecessor-version":[{"id":2094,"href":"https:\/\/professoracarlapatricia.com.br\/icp\/wp-json\/wp\/v2\/pages\/1211\/revisions\/2094"}],"wp:attachment":[{"href":"https:\/\/professoracarlapatricia.com.br\/icp\/wp-json\/wp\/v2\/media?parent=1211"}],"curies":[{"name":"wp","href":"https:\/\/api.w.org\/{rel}","templated":true}]}}